{"id":12,"date":"2025-02-16T16:02:04","date_gmt":"2025-02-16T15:02:04","guid":{"rendered":"https:\/\/wnlds.es\/base25\/?page_id=12"},"modified":"2025-04-22T12:24:49","modified_gmt":"2025-04-22T10:24:49","slug":"aviso-legal","status":"publish","type":"page","link":"https:\/\/wnlds.es\/base\/aviso-legal\/","title":{"rendered":"Aviso legal"},"content":{"rendered":"\t\t<div data-elementor-type=\"wp-page\" data-elementor-id=\"12\" class=\"elementor elementor-12\" data-elementor-post-type=\"page\">\n\t\t\t\t<div class=\"elementor-element elementor-element-55f899b e-flex e-con-boxed e-con e-parent\" data-id=\"55f899b\" data-element_type=\"container\">\n\t\t\t\t\t<div class=\"e-con-inner\">\n\t\t\t\t<div class=\"elementor-element elementor-element-8c9e3be elementor-widget elementor-widget-heading\" data-id=\"8c9e3be\" data-element_type=\"widget\" data-widget_type=\"heading.default\">\n\t\t\t\t\t<h1 class=\"elementor-heading-title elementor-size-default\" id=\"aviso-legal\" title=\"Aviso legal\">Aviso legal<\/h1>\t\t\t\t<\/div>\n\t\t\t\t<div class=\"elementor-element elementor-element-33a1748 elementor-widget elementor-widget-text-editor\" data-id=\"33a1748\" data-element_type=\"widget\" data-widget_type=\"text-editor.default\">\n\t\t\t\t\t\t\t\t\t<p>En cumplimiento con lo dispuesto en la Ley 34\/2002, de 11 de julio, de Servicios de la Sociedad de la Informaci\u00f3n y de Comercio Electr\u00f3nico (LSSICE), se informa a los usuarios del presente sitio web sobre los t\u00e9rminos y condiciones de uso.<\/p><h2 id=\"1-datos-identificativos\" title=\"1. Datos identificativos\">1. Datos identificativos<\/h2><ul><li><strong>Denominaci\u00f3n fiscal:<\/strong> Publ\u00edcitis Dise\u00f1o Web y Publicidad, S.L.<\/li><li><strong>CIF\/DNI:<\/strong> B-91792101<\/li><li><strong>Denominaci\u00f3n comercial:<\/strong> Wanaleads<\/li><li><strong>Domicilio social:<\/strong> Avenida de Mairena, 7 \u00b7 1\u00baC \u00b7 41927 \u00b7 Mairena del Aljarafe \u00b7 Sevilla \u00b7 Andalucia<\/li><li><strong>Tel\u00e9fono:<\/strong> 954 173 219<\/li><li><strong>Correo electr\u00f3nico:<\/strong> <a title=\"Email Wanaleads\" href=\"mailto:info@wanaleads.com\" target=\"_blank\" rel=\"noopener\">info@wanaleads.com.<\/a><\/li><li><strong>Sitio web:<\/strong> <a title=\"Sitio web Wanaleads\" href=\"http:\/\/wanaleads.com\" target=\"_blank\" rel=\"noopener\">wanaleads.com.<\/a><\/li><\/ul><h2 id=\"2-objeto-del-sitio-web\" title=\"2. Objeto del sitio web\">2. Objeto del sitio web<\/h2><p>El presente sitio web tiene como finalidad proporcionar informaci\u00f3n sobre los productos y servicios ofrecidos por Publ\u00edcitis Dise\u00f1o Web y Publicidad, S.L., as\u00ed como gestionar campa\u00f1as publicitarias para mejorar su visibilidad en el entorno digital.<\/p><h2 id=\"3-condiciones-de-uso\" title=\"3. Condiciones de uso\">3. Condiciones de uso<\/h2><p>El acceso y uso del sitio web atribuye la condici\u00f3n de usuario e implica la aceptaci\u00f3n plena y sin reservas de todas las disposiciones incluidas en el presente aviso legal. La empresa se reserva el derecho a modificar en cualquier momento las presentes condiciones, por lo que se recomienda su revisi\u00f3n peri\u00f3dica.<\/p><h2 id=\"4-propiedad-intelectual-e-industrial\" title=\"4. Propiedad intelectual e industrial\">4. Propiedad intelectual e industrial<\/h2><p>Todos los contenidos del sitio web (textos, im\u00e1genes, logos, gr\u00e1ficos, software, etc.) est\u00e1n protegidos por la normativa vigente en materia de propiedad intelectual e industrial, y son titularidad de Publ\u00edcitis Dise\u00f1o Web y Publicidad, S.L., o de terceros autorizados. Queda prohibida su reproducci\u00f3n, distribuci\u00f3n o modificaci\u00f3n sin autorizaci\u00f3n expresa del titular.<\/p><h2 id=\"5-responsabilidad\" title=\"5. Responsabilidad\">5. Responsabilidad<\/h2><p>Publ\u00edcitis Dise\u00f1o Web y Publicidad, S.L. no se hace responsable de los posibles errores en los contenidos publicados ni de los da\u00f1os o perjuicios que pudieran derivarse del uso de la informaci\u00f3n contenida en este sitio web. Asimismo, no se garantiza la ausencia de virus u otros elementos que puedan causar alteraciones en los sistemas inform\u00e1ticos del usuario.<\/p><h2 id=\"6-proteccion-de-datos-personales\" title=\"6. Protecci\u00f3n de datos personales\">6. Protecci\u00f3n de datos personales<\/h2><p>Publ\u00edcitis Dise\u00f1o Web y Publicidad, S.L. cumple con la normativa vigente en materia de protecci\u00f3n de datos personales, incluyendo el Reglamento (UE) 2016\/679 (RGPD) y la Ley Org\u00e1nica 3\/2018, de Protecci\u00f3n de Datos Personales y Garant\u00eda de los Derechos Digitales (LOPDGDD). Para m\u00e1s informaci\u00f3n sobre el tratamiento de datos, consulte nuestra <a title=\"Pol\u00edtica de privacidad\" href=\"https:\/\/wanaleads.com\/politica-privacidad\/\" target=\"Pol\u00edtica de privacidad\" rel=\"noopener\">pol\u00edtica de privacidad<\/a>.<\/p><h2 id=\"7-politica-de-enlaces\" title=\"7. Pol\u00edtica de enlaces\">7. Pol\u00edtica de enlaces<\/h2><p>Este sitio web puede contener enlaces a p\u00e1ginas de terceros, cuya titularidad y gesti\u00f3n corresponde a otras entidades. Publ\u00edcitis Dise\u00f1o Web y Publicidad, S.L. no asume responsabilidad alguna sobre los contenidos, informaciones o servicios ofrecidos en dichos enlaces.<\/p><h2 id=\"8-legislacion-aplicable-y-jurisdiccion\" title=\"8. Legislaci\u00f3n aplicable y jurisdicci\u00f3n\">8. Legislaci\u00f3n aplicable y jurisdicci\u00f3n<\/h2><p>El presente Aviso Legal se rige por la legislaci\u00f3n espa\u00f1ola. Para cualquier controversia que pudiera derivarse del acceso o uso del sitio web, ambas partes se someten a los Juzgados y Tribunales de Sevilla, con renuncia expresa a cualquier otro fuero que pudiera corresponderles.<\/p><p>Para cualquier consulta, puede contactarnos a trav\u00e9s del correo electr\u00f3nico <a title=\"Email Wanaleads\" href=\"mailto:info@wanaleads.com\" target=\"_blank\" rel=\"noopener\">info@wanaleads.com.<\/a>.<\/p>\t\t\t\t\t\t\t\t<\/div>\n\t\t\t\t\t<\/div>\n\t\t\t\t<\/div>\n\t\t\t\t<\/div>\n\t\t","protected":false},"excerpt":{"rendered":"<p>Aviso legal En cumplimiento con lo dispuesto en la Ley 34\/2002, de 11 de julio, de Servicios de la Sociedad de la Informaci\u00f3n y de Comercio Electr\u00f3nico (LSSICE), se informa a los usuarios del presente sitio web sobre los t\u00e9rminos y condiciones de uso. 1. Datos identificativos Denominaci\u00f3n fiscal: CIF\/DNI: Denominaci\u00f3n comercial: Domicilio social: \u00b7 [&hellip;]<\/p>\n","protected":false},"author":1,"featured_media":0,"parent":0,"menu_order":0,"comment_status":"closed","ping_status":"closed","template":"","meta":{"footnotes":""},"class_list":["post-12","page","type-page","status-publish","hentry"],"_links":{"self":[{"href":"https:\/\/wnlds.es\/base\/wp-json\/wp\/v2\/pages\/12","targetHints":{"allow":["GET"]}}],"collection":[{"href":"https:\/\/wnlds.es\/base\/wp-json\/wp\/v2\/pages"}],"about":[{"href":"https:\/\/wnlds.es\/base\/wp-json\/wp\/v2\/types\/page"}],"author":[{"embeddable":true,"href":"https:\/\/wnlds.es\/base\/wp-json\/wp\/v2\/users\/1"}],"replies":[{"embeddable":true,"href":"https:\/\/wnlds.es\/base\/wp-json\/wp\/v2\/comments?post=12"}],"version-history":[{"count":0,"href":"https:\/\/wnlds.es\/base\/wp-json\/wp\/v2\/pages\/12\/revisions"}],"wp:attachment":[{"href":"https:\/\/wnlds.es\/base\/wp-json\/wp\/v2\/media?parent=12"}],"curies":[{"name":"wp","href":"https:\/\/api.w.org\/{rel}","templated":true}]}}