{"id":15,"date":"2025-02-16T16:02:14","date_gmt":"2025-02-16T15:02:14","guid":{"rendered":"https:\/\/wnlds.es\/base25\/?page_id=15"},"modified":"2025-03-07T19:53:05","modified_gmt":"2025-03-07T18:53:05","slug":"politica-cookies","status":"publish","type":"page","link":"https:\/\/wnlds.es\/base\/politica-cookies\/","title":{"rendered":"Pol\u00edtica de cookies"},"content":{"rendered":"\t\t<div data-elementor-type=\"wp-page\" data-elementor-id=\"15\" class=\"elementor elementor-15\" data-elementor-post-type=\"page\">\n\t\t\t\t<div class=\"elementor-element elementor-element-536813c e-flex e-con-boxed e-con e-parent\" data-id=\"536813c\" data-element_type=\"container\">\n\t\t\t\t\t<div class=\"e-con-inner\">\n\t\t\t\t<div class=\"elementor-element elementor-element-f41df45 elementor-widget elementor-widget-heading\" data-id=\"f41df45\" data-element_type=\"widget\" data-widget_type=\"heading.default\">\n\t\t\t\t\t<h2 class=\"elementor-heading-title elementor-size-default\" id=\"politica-de-cookies\" title=\"Pol\u00edtica de cookies\">Pol\u00edtica de cookies<\/h2>\t\t\t\t<\/div>\n\t\t\t\t<div class=\"elementor-element elementor-element-63061a3 elementor-widget elementor-widget-text-editor\" data-id=\"63061a3\" data-element_type=\"widget\" data-widget_type=\"text-editor.default\">\n\t\t\t\t\t\t\t\t\t<p>En cumplimiento de lo dispuesto en el art\u00edculo 22.2 de la Ley 34\/2002, de 11 de julio, de Servicios de la Sociedad de la Informaci\u00f3n y de Comercio Electr\u00f3nico (LSSICE), as\u00ed como del Reglamento (UE) 2016\/679 (RGPD) y la Ley Org\u00e1nica 3\/2018 (LOPDGDD), se informa a los usuarios sobre la pol\u00edtica de uso de cookies en este sitio web.<\/p><h2 id=\"1-que-son-las-cookies\" title=\"1. \u00bfQu\u00e9 son las cookies?\">1. \u00bfQu\u00e9 son las cookies?<\/h2><p>Las cookies son peque\u00f1os archivos de texto que se almacenan en el dispositivo del usuario cuando visita un sitio web. Su finalidad es mejorar la experiencia del usuario, facilitar la navegaci\u00f3n y permitir la recopilaci\u00f3n de informaci\u00f3n para el an\u00e1lisis del tr\u00e1fico web y la personalizaci\u00f3n de contenidos.<\/p><h2 id=\"2-tipos-de-cookies-utilizadas\" title=\"2. Tipos de cookies utilizadas\">2. Tipos de cookies utilizadas<\/h2><p>Este sitio web utiliza los siguientes tipos de cookies:<\/p><ul><li><strong>Cookies t\u00e9cnicas:<\/strong> Esenciales para el funcionamiento del sitio web y la prestaci\u00f3n de los servicios solicitados por el usuario.<\/li><li><strong>Cookies de personalizaci\u00f3n:<\/strong> Permiten recordar preferencias del usuario, como el idioma o la configuraci\u00f3n de la web.<\/li><li><strong>Cookies anal\u00edticas: <\/strong> Recopilan informaci\u00f3n sobre el uso del sitio web para mejorar su rendimiento y usabilidad.<\/li><li><strong>Cookies publicitarias: <\/strong> Utilizadas para mostrar anuncios personalizados en funci\u00f3n de los h\u00e1bitos de navegaci\u00f3n del usuario.<\/li><li><strong>Cookies de redes sociales:<\/strong> Permiten la integraci\u00f3n de funcionalidades de redes sociales en el sitio web.<\/li><\/ul><h2 id=\"3-cookies-utilizadas-en-nuestro-sitio-web\" title=\"3. Cookies utilizadas en nuestro sitio web\">3. Cookies utilizadas en nuestro sitio web<\/h2><p>Para la gesti\u00f3n de cookies este sitio web implementa <a title=\"CookieYes\" href=\"https:\/\/www.cookieyes.com\/\" target=\"_blank\" rel=\"nofollow noopener\">CookieYes<\/a>, una plataforma de gesti\u00f3n de consentimiento basada en la nube dise\u00f1ada para garantizar el cumplimiento con GDPR, CCPA, otras leyes estatales de EE. UU. y regulaciones de privacidad globales.<\/p><p>Puedes consultar las cookies almacenadas, as\u00ed como su descripci\u00f3n y duraci\u00f3n, haciendo clik en el bot\u00f3n flotante que cargar\u00e1 una ventana emergente para las <strong>preferencias del consentimiento<\/strong>. Solo tiene que hacer click en la categor\u00eda de la cookie y podr\u00e1 consultar la informaci\u00f3n disponible.<\/p><h2 id=\"4-gestion-y-configuracion-de-cookies\" title=\"4. Gesti\u00f3n y configuraci\u00f3n de cookies\">4. Gesti\u00f3n y configuraci\u00f3n de cookies<\/h2><p>El usuario puede configurar el uso de cookies a trav\u00e9s del banner de cookies del sitio web o modificando la configuraci\u00f3n de su navegador para aceptar, rechazar o eliminar cookies. A continuaci\u00f3n, se facilitan enlaces a la gesti\u00f3n de cookies en los navegadores m\u00e1s utilizados:<\/p><ul><li><strong>Google Chrome<\/strong>: <a title=\"Administrar cookies en Chrome\" href=\"https:\/\/support.google.com\/chrome\/answer\/95647?hl=es&amp;co=GENIE.Platform%3DDesktop\" target=\"_blank\" rel=\"noopener\">Administrar cookies en Chrome<\/a>.<\/li><li><strong>Mozilla Firefox<\/strong>: <a title=\"Administrar cookies en Firefox\" href=\"https:\/\/support.mozilla.org\/es\/kb\/habilitar-y-deshabilitar-cookies-sitios-web-rastrear-preferencias\" target=\"_blank\" rel=\"noopener\">Administrar cookies en Firefox<\/a>.<\/li><li><strong>Microsoft Edge<\/strong>: <a title=\"Administrar cookies en Edge\" href=\"https:\/\/support.microsoft.com\/es-es\/windows\/administrar-cookies-en-microsoft-edge-ver-permitir-bloquear-eliminar-y-usar-168dab11-0753-043d-7c16-ede5947fc64d\" target=\"_blank\" rel=\"noopener\">Administrar cookies en Edge<\/a>.<\/li><li><strong>Safari<\/strong>: <a title=\"Administrar cookies en Safari\" href=\"https:\/\/help.apple.com\/safari\/mac\/10.0\/es.lproj\/sfri11471.html\" target=\"_blank\" rel=\"noopener\">Administrar cookies en Safari<\/a>.<\/li><\/ul><h2 id=\"5-cookies-de-terceros\" title=\"5. Cookies de terceros\">5. Cookies de terceros<\/h2><p>Este sitio web utiliza cookies de terceros, incluyendo herramientas de an\u00e1lisis como Google Analytics y plataformas publicitarias como Google Ads. Estas cookies son gestionadas directamente por terceros y est\u00e1n sujetas a sus propias pol\u00edticas de privacidad.<\/p><h2 id=\"6-cambios-en-la-politica-de-cookies\" title=\"6. Cambios en la pol\u00edtica de cookies\">6. Cambios en la pol\u00edtica de cookies<\/h2><p>Publ\u00edcitis Dise\u00f1o Web y Publicidad, S.L. se reserva el derecho de modificar la presente Pol\u00edtica de Cookies en funci\u00f3n de nuevas exigencias legales o actualizaciones del sitio web. Se recomienda a los usuarios revisar esta pol\u00edtica peri\u00f3dicamente.<\/p><h2 id=\"7-contacto\" title=\"7. Contacto\">7. Contacto<\/h2><p>Para cualquier consulta relacionada con la presente pol\u00edtica de cookies, puede contactarnos en:<\/p><ul><li>Correo electr\u00f3nico: info@wanaleads.com<\/li><li><strong>Domicilio social:<\/strong> Avenida de Mairena, 7 \u00b7 1\u00baC \u00b7 41927 \u00b7 Mairena del Aljarafe \u00b7 Sevilla \u00b7 Andalucia<\/li><\/ul><p>El uso de este sitio web implica la aceptaci\u00f3n de esta pol\u00edtica de cookies.<\/p>\t\t\t\t\t\t\t\t<\/div>\n\t\t\t\t\t<\/div>\n\t\t\t\t<\/div>\n\t\t\t\t<\/div>\n\t\t","protected":false},"excerpt":{"rendered":"<p>Pol\u00edtica de cookies En cumplimiento de lo dispuesto en el art\u00edculo 22.2 de la Ley 34\/2002, de 11 de julio, de Servicios de la Sociedad de la Informaci\u00f3n y de Comercio Electr\u00f3nico (LSSICE), as\u00ed como del Reglamento (UE) 2016\/679 (RGPD) y la Ley Org\u00e1nica 3\/2018 (LOPDGDD), se informa a los usuarios sobre la pol\u00edtica de [&hellip;]<\/p>\n","protected":false},"author":1,"featured_media":0,"parent":0,"menu_order":0,"comment_status":"closed","ping_status":"closed","template":"","meta":{"footnotes":""},"class_list":["post-15","page","type-page","status-publish","hentry"],"_links":{"self":[{"href":"https:\/\/wnlds.es\/base\/wp-json\/wp\/v2\/pages\/15","targetHints":{"allow":["GET"]}}],"collection":[{"href":"https:\/\/wnlds.es\/base\/wp-json\/wp\/v2\/pages"}],"about":[{"href":"https:\/\/wnlds.es\/base\/wp-json\/wp\/v2\/types\/page"}],"author":[{"embeddable":true,"href":"https:\/\/wnlds.es\/base\/wp-json\/wp\/v2\/users\/1"}],"replies":[{"embeddable":true,"href":"https:\/\/wnlds.es\/base\/wp-json\/wp\/v2\/comments?post=15"}],"version-history":[{"count":0,"href":"https:\/\/wnlds.es\/base\/wp-json\/wp\/v2\/pages\/15\/revisions"}],"wp:attachment":[{"href":"https:\/\/wnlds.es\/base\/wp-json\/wp\/v2\/media?parent=15"}],"curies":[{"name":"wp","href":"https:\/\/api.w.org\/{rel}","templated":true}]}}