{"id":3,"date":"2025-02-16T15:49:24","date_gmt":"2025-02-16T14:49:24","guid":{"rendered":"https:\/\/wnlds.es\/base25\/?page_id=3"},"modified":"2025-04-22T12:27:56","modified_gmt":"2025-04-22T10:27:56","slug":"politica-privacidad","status":"publish","type":"page","link":"https:\/\/wnlds.es\/base\/politica-privacidad\/","title":{"rendered":"Pol\u00edtica de privacidad"},"content":{"rendered":"\t\t<div data-elementor-type=\"wp-page\" data-elementor-id=\"3\" class=\"elementor elementor-3\" data-elementor-post-type=\"page\">\n\t\t\t\t<div class=\"elementor-element elementor-element-f2dbb4e e-flex e-con-boxed e-con e-parent\" data-id=\"f2dbb4e\" data-element_type=\"container\">\n\t\t\t\t\t<div class=\"e-con-inner\">\n\t\t\t\t<div class=\"elementor-element elementor-element-df448b5 elementor-widget elementor-widget-heading\" data-id=\"df448b5\" data-element_type=\"widget\" data-widget_type=\"heading.default\">\n\t\t\t\t\t<h2 class=\"elementor-heading-title elementor-size-default\" id=\"politica-de-privacidad\" title=\"Pol\u00edtica de privacidad\">Pol\u00edtica de privacidad<\/h2>\t\t\t\t<\/div>\n\t\t\t\t<div class=\"elementor-element elementor-element-3d6f83c elementor-widget elementor-widget-text-editor\" data-id=\"3d6f83c\" data-element_type=\"widget\" data-widget_type=\"text-editor.default\">\n\t\t\t\t\t\t\t\t\t<p>En cumplimiento del Reglamento (UE) 2016\/679 del Parlamento Europeo y del Consejo, de 27 de abril de 2016, relativo a la protecci\u00f3n de las personas f\u00edsicas en lo que respecta al tratamiento de datos personales y a la libre circulaci\u00f3n de estos datos (RGPD), as\u00ed como de la Ley Org\u00e1nica 3\/2018, de Protecci\u00f3n de Datos Personales y Garant\u00eda de los Derechos Digitales (LOPDGDD), se informa a los usuarios del presente sitio web sobre la pol\u00edtica de privacidad aplicada al tratamiento de sus datos personales.<\/p><h2 id=\"1-responsable-del-tratamiento\" title=\"1. Responsable del tratamiento\">1. Responsable del tratamiento<\/h2><ul><li><strong>Denominaci\u00f3n fiscal:<\/strong> Publ\u00edcitis Dise\u00f1o Web y Publicidad, S.L.<\/li><li><strong>CIF\/DNI:<\/strong> B-91792101<\/li><li><strong>Denominaci\u00f3n comercial:<\/strong> Wanaleads<\/li><li><strong>Domicilio social:<\/strong> Avenida de Mairena, 7 \u00b7 1\u00baC \u00b7 41927 \u00b7 Mairena del Aljarafe \u00b7 Sevilla \u00b7 Andalucia<\/li><li><strong>Tel\u00e9fono:<\/strong> 954 173 219<\/li><li><strong>Correo electr\u00f3nico:<\/strong> <a title=\"Email Wanaleads\" href=\"mailto:info@wanaleads.com\" target=\"_blank\" rel=\"noopener\">info@wanaleads.com.<\/a><\/li><li><strong>Sitio web:<\/strong> <a title=\"Sitio web Wanaleads\" href=\"http:\/\/wanaleads.com\" target=\"_blank\" rel=\"noopener\">wanaleads.com.<\/a><\/li><\/ul><h2 id=\"2-finalidad-del-tratamiento-de-los-datos\" title=\"2. Finalidad del tratamiento de los datos\">2. Finalidad del tratamiento de los datos<\/h2><p>Los datos personales recabados a trav\u00e9s del sitio web ser\u00e1n utilizados con las siguientes finalidades:<\/p><ul><li>Gestionar consultas y solicitudes de informaci\u00f3n realizadas a trav\u00e9s del formulario de contacto.<\/li><li>Enviar comunicaciones comerciales, newsletters o informaci\u00f3n relevante sobre nuestros productos y servicios (previo consentimiento del usuario).<\/li><li>Mejorar la experiencia del usuario y optimizar la funcionalidad del sitio web, incluyendo campa\u00f1as publicitarias.<\/li><li>Cumplir con las obligaciones legales y regulatorias aplicables.<\/li><\/ul><h2 id=\"3-legitimacion\" title=\"3. Legitimaci\u00f3n\">3. Legitimaci\u00f3n<\/h2><p>El tratamiento de los datos personales se basa en las siguientes bases legales:<\/p><ul><li><strong>Ejecuci\u00f3n de un contrato:<\/strong> Para gestionar las relaciones comerciales o contractuales con nuestros clientes.<\/li><li><strong>Consentimiento del usuario:<\/strong> Para el env\u00edo de comunicaciones comerciales y el tratamiento de cookies anal\u00edticas.<\/li><li><strong>Cumplimiento de obligaciones legales:<\/strong> Para la gesti\u00f3n de facturaci\u00f3n y obligaciones fiscales.<\/li><li><strong>Inter\u00e9s leg\u00edtimo:<\/strong> Para la mejora del sitio web y an\u00e1lisis estad\u00edsticos sobre su uso.<\/li><\/ul><h2 id=\"4-plazo-de-conservacion-de-los-datos\" title=\"4. Plazo de conservaci\u00f3n de los datos\">4. Plazo de conservaci\u00f3n de los datos<\/h2><p>Los datos personales se conservar\u00e1n durante el tiempo necesario para cumplir con la finalidad para la que fueron recabados y, en su caso, hasta que el usuario solicite su supresi\u00f3n o revoque su consentimiento. Asimismo, podr\u00e1n conservarse durante el plazo exigido por la normativa aplicable en cada caso.<\/p><h2 id=\"5-destinatarios-de-los-datos\" title=\"5. Destinatarios de los datos\">5. Destinatarios de los datos<\/h2><p>Los datos personales no ser\u00e1n cedidos a terceros, salvo obligaci\u00f3n legal o cuando sea necesario para la prestaci\u00f3n de servicios por parte de proveedores con los que Publ\u00edcitis Dise\u00f1o Web y Publicidad, S.L. tenga suscrito un contrato de encargo de tratamiento de datos.<\/p><h2 id=\"derechos-del-usuario\" title=\"Derechos del usuario\">Derechos del usuario<\/h2><p>Los usuarios tienen derecho a:<\/p><ul><li>Acceder a sus datos personales y obtener informaci\u00f3n sobre su tratamiento.<\/li><li>Rectificar datos inexactos o incompletos.<\/li><li>Solicitar la supresi\u00f3n de sus datos cuando ya no sean necesarios para los fines para los que fueron recogidos.<\/li><li>Oponerse al tratamiento de sus datos en determinadas circunstancias.<\/li><li>Solicitar la portabilidad de sus datos a otro responsable.<\/li><li>Limitar el tratamiento de sus datos en determinados supuestos.<\/li><li>Retirar el consentimiento otorgado en cualquier momento.<\/li><\/ul><p>Para ejercer estos derechos, puede enviar una solicitud a <a title=\"Email Wanaleads\" href=\"mailto:info@wanaleads.com\" target=\"_blank\" rel=\"noopener\">info@wanaleads.com.<\/a> adjuntando una copia de su documento de identidad.<\/p><h2 id=\"medidas-de-seguridad\" title=\"Medidas de seguridad\">Medidas de seguridad<\/h2><p>Publ\u00edcitis Dise\u00f1o Web y Publicidad, S.L. adopta las medidas t\u00e9cnicas y organizativas necesarias para garantizar la seguridad de los datos personales y evitar su alteraci\u00f3n, p\u00e9rdida, tratamiento o acceso no autorizado.<\/p><h2 id=\"politica-de-cookies\" title=\"Pol\u00edtica de cookies\">Pol\u00edtica de cookies<\/h2><p>Este sitio web utiliza cookies para mejorar la experiencia de navegaci\u00f3n del usuario. Puede consultar m\u00e1s informaci\u00f3n en nuestra <a title=\"Pol\u00edtica de cookies\" href=\"https:\/\/wanaleads.com\/politica-cookies\/\" target=\"Pol\u00edtica de cookies\" rel=\"noopener\">pol\u00edtica de cookies<\/a>.<\/p><h2 id=\"legislacion-aplicable-y-jurisdiccion\" title=\"Legislaci\u00f3n aplicable y jurisdicci\u00f3n\">Legislaci\u00f3n aplicable y jurisdicci\u00f3n<\/h2><p>La presente Pol\u00edtica de Privacidad se rige por la legislaci\u00f3n espa\u00f1ola. Para cualquier controversia que pudiera derivarse de su aplicaci\u00f3n o interpretaci\u00f3n, ambas partes se someten a los Juzgados y Tribunales de Sevilla, con renuncia expresa a cualquier otro fuero.<\/p><p>Para cualquier consulta relacionada con la presente pol\u00edtica, puede contactar con nosotros en <a title=\"Email Wanaleads\" href=\"mailto:info@wanaleads.com\" target=\"_blank\" rel=\"noopener\">info@wanaleads.com.<\/a>.<\/p>\t\t\t\t\t\t\t\t<\/div>\n\t\t\t\t\t<\/div>\n\t\t\t\t<\/div>\n\t\t\t\t<\/div>\n\t\t","protected":false},"excerpt":{"rendered":"<p>Pol\u00edtica de privacidad En cumplimiento del Reglamento (UE) 2016\/679 del Parlamento Europeo y del Consejo, de 27 de abril de 2016, relativo a la protecci\u00f3n de las personas f\u00edsicas en lo que respecta al tratamiento de datos personales y a la libre circulaci\u00f3n de estos datos (RGPD), as\u00ed como de la Ley Org\u00e1nica 3\/2018, de [&hellip;]<\/p>\n","protected":false},"author":1,"featured_media":0,"parent":0,"menu_order":0,"comment_status":"closed","ping_status":"closed","template":"","meta":{"footnotes":""},"class_list":["post-3","page","type-page","status-publish","hentry"],"_links":{"self":[{"href":"https:\/\/wnlds.es\/base\/wp-json\/wp\/v2\/pages\/3","targetHints":{"allow":["GET"]}}],"collection":[{"href":"https:\/\/wnlds.es\/base\/wp-json\/wp\/v2\/pages"}],"about":[{"href":"https:\/\/wnlds.es\/base\/wp-json\/wp\/v2\/types\/page"}],"author":[{"embeddable":true,"href":"https:\/\/wnlds.es\/base\/wp-json\/wp\/v2\/users\/1"}],"replies":[{"embeddable":true,"href":"https:\/\/wnlds.es\/base\/wp-json\/wp\/v2\/comments?post=3"}],"version-history":[{"count":0,"href":"https:\/\/wnlds.es\/base\/wp-json\/wp\/v2\/pages\/3\/revisions"}],"wp:attachment":[{"href":"https:\/\/wnlds.es\/base\/wp-json\/wp\/v2\/media?parent=3"}],"curies":[{"name":"wp","href":"https:\/\/api.w.org\/{rel}","templated":true}]}}